{"id":557,"date":"2024-03-14T14:15:11","date_gmt":"2024-03-14T14:15:11","guid":{"rendered":"https:\/\/exploringgoose.com\/?page_id=557"},"modified":"2024-03-14T14:15:12","modified_gmt":"2024-03-14T14:15:12","slug":"personvernpolicy","status":"publish","type":"page","link":"https:\/\/exploringgoose.com\/no\/personvernpolicy\/","title":{"rendered":"Personvernpolicy"},"content":{"rendered":"\n<h2 class=\"wp-block-heading\">Hvem vi er<\/h2>\n\n\n\n<p>Exploring Goose \u2013 gir deg det beste innen underholdning, restauranter og reiser rundt om i verden.<\/p>\n\n\n\n<h2 class=\"wp-block-heading\">Kommentarer<\/h2>\n\n\n\n<p>N\u00e5r bes\u00f8kende legger igjen kommentarer p\u00e5 nettstedet, samler vi inn dataene som vises i kommentarskjemaet, og ogs\u00e5 bes\u00f8kendes IP-adresse og nettleserbrukeragentstreng for \u00e5 hjelpe til med \u00e5 oppdage spam.<\/p>\n\n\n\n<h2 class=\"wp-block-heading\">Media<\/h2>\n\n\n\n<p>Hvis du laster opp bilder til nettstedet, b\u00f8r du unng\u00e5 \u00e5 laste opp bilder med innebygde stedsdata (EXIF GPS) inkludert. Bes\u00f8kende p\u00e5 nettstedet kan laste ned og trekke ut eventuelle stedsdata fra bilder p\u00e5 nettstedet.<\/p>\n\n\n\n<h2 class=\"wp-block-heading\">Informasjonskapsler<\/h2>\n\n\n\n<p>Hvis du legger igjen en kommentar p\u00e5 nettstedet v\u00e5rt, kan du velge \u00e5 lagre navnet ditt, e-postadressen og nettstedet ditt i informasjonskapsler. Dette er for din bekvemmelighet, slik at du ikke trenger \u00e5 fylle ut detaljene dine igjen n\u00e5r du legger igjen en annen kommentar. Disse informasjonskapslene vil vare i ett \u00e5r.<\/p>\n\n\n\n<h2 class=\"wp-block-heading\">Hvor lenge vi beholder dataene dine<\/h2>\n\n\n\n<p>Hvis du legger igjen en kommentar, beholdes kommentaren og dens metadata p\u00e5 ubestemt tid. Dette er slik at vi kan gjenkjenne og godkjenne eventuelle oppf\u00f8lgingskommentarer automatisk i stedet for \u00e5 holde dem i en modereringsk\u00f8.<\/p>\n\n\n\n<h2 class=\"wp-block-heading\">Hvilke rettigheter du har over dataene dine<\/h2>\n\n\n\n<p>Hvis du har en konto p\u00e5 dette nettstedet, eller har lagt igjen kommentarer, kan du be om \u00e5 motta en eksportert fil av de personlige dataene vi har om deg, inkludert alle data du har gitt oss. Du kan ogs\u00e5 be om at vi sletter eventuelle personopplysninger vi har om deg. Dette inkluderer ikke data vi er forpliktet til \u00e5 beholde for administrative, juridiske eller sikkerhetsmessige form\u00e5l.<\/p>\n\n\n\n<h2 class=\"wp-block-heading\">Hvor dataene dine sendes<\/h2>\n\n\n\n<p>Kommentarer fra bes\u00f8kende kan bli sjekket gjennom en automatisert spamdeteksjonstjeneste.<\/p>\n","protected":false},"excerpt":{"rendered":"<p>Hvem vi er Exploring Goose \u2013 gir deg det beste innen underholdning, restauranter og reiser rundt om i verden. Kommentarer N\u00e5r bes\u00f8kende legger igjen kommentarer p\u00e5 nettstedet, samler vi inn dataene som vises i kommentarskjemaet, og ogs\u00e5 bes\u00f8kendes IP-adresse og nettleserbrukeragentstreng for \u00e5 hjelpe til med \u00e5 oppdage spam. Media Hvis du laster opp bilder [&hellip;]<\/p>\n","protected":false},"author":1,"featured_media":0,"parent":0,"menu_order":0,"comment_status":"closed","ping_status":"closed","template":"","meta":{"_lmt_disableupdate":"","_lmt_disable":"","footnotes":""},"class_list":["post-557","page","type-page","status-publish","hentry"],"_links":{"self":[{"href":"https:\/\/exploringgoose.com\/no\/wp-json\/wp\/v2\/pages\/557","targetHints":{"allow":["GET"]}}],"collection":[{"href":"https:\/\/exploringgoose.com\/no\/wp-json\/wp\/v2\/pages"}],"about":[{"href":"https:\/\/exploringgoose.com\/no\/wp-json\/wp\/v2\/types\/page"}],"author":[{"embeddable":true,"href":"https:\/\/exploringgoose.com\/no\/wp-json\/wp\/v2\/users\/1"}],"replies":[{"embeddable":true,"href":"https:\/\/exploringgoose.com\/no\/wp-json\/wp\/v2\/comments?post=557"}],"version-history":[{"count":1,"href":"https:\/\/exploringgoose.com\/no\/wp-json\/wp\/v2\/pages\/557\/revisions"}],"predecessor-version":[{"id":558,"href":"https:\/\/exploringgoose.com\/no\/wp-json\/wp\/v2\/pages\/557\/revisions\/558"}],"wp:attachment":[{"href":"https:\/\/exploringgoose.com\/no\/wp-json\/wp\/v2\/media?parent=557"}],"curies":[{"name":"wp","href":"https:\/\/api.w.org\/{rel}","templated":true}]}}