{"id":399,"date":"2024-02-29T15:19:29","date_gmt":"2024-02-29T15:19:29","guid":{"rendered":"https:\/\/exploringgoose.com\/?page_id=399"},"modified":"2024-02-29T15:19:30","modified_gmt":"2024-02-29T15:19:30","slug":"kontakt","status":"publish","type":"page","link":"https:\/\/exploringgoose.com\/sv\/kontakt\/","title":{"rendered":"Kontakt"},"content":{"rendered":"\n<p><strong>Email<\/strong>: contact@exploringgoose.com <\/p>\n\n\n\n<p><strong>\u00d6ppettider<\/strong>: M\u00e5n-Fre 09.00-17.00<\/p>\n\n\n\n<p><strong>V\u00e4rt ett bes\u00f6k<\/strong>: 2880 North Main Street, Hazard, Kentucky 41701<\/p>\n","protected":false},"excerpt":{"rendered":"<p>Email: contact@exploringgoose.com \u00d6ppettider: M\u00e5n-Fre 09.00-17.00 V\u00e4rt ett bes\u00f6k: 2880 North Main Street, Hazard, Kentucky 41701<\/p>\n","protected":false},"author":1,"featured_media":0,"parent":0,"menu_order":0,"comment_status":"closed","ping_status":"closed","template":"","meta":{"_lmt_disableupdate":"","_lmt_disable":"","footnotes":""},"class_list":["post-399","page","type-page","status-publish","hentry"],"_links":{"self":[{"href":"https:\/\/exploringgoose.com\/sv\/wp-json\/wp\/v2\/pages\/399","targetHints":{"allow":["GET"]}}],"collection":[{"href":"https:\/\/exploringgoose.com\/sv\/wp-json\/wp\/v2\/pages"}],"about":[{"href":"https:\/\/exploringgoose.com\/sv\/wp-json\/wp\/v2\/types\/page"}],"author":[{"embeddable":true,"href":"https:\/\/exploringgoose.com\/sv\/wp-json\/wp\/v2\/users\/1"}],"replies":[{"embeddable":true,"href":"https:\/\/exploringgoose.com\/sv\/wp-json\/wp\/v2\/comments?post=399"}],"version-history":[{"count":1,"href":"https:\/\/exploringgoose.com\/sv\/wp-json\/wp\/v2\/pages\/399\/revisions"}],"predecessor-version":[{"id":400,"href":"https:\/\/exploringgoose.com\/sv\/wp-json\/wp\/v2\/pages\/399\/revisions\/400"}],"wp:attachment":[{"href":"https:\/\/exploringgoose.com\/sv\/wp-json\/wp\/v2\/media?parent=399"}],"curies":[{"name":"wp","href":"https:\/\/api.w.org\/{rel}","templated":true}]}}