{"id":404,"date":"2024-02-29T15:26:15","date_gmt":"2024-02-29T15:26:15","guid":{"rendered":"https:\/\/exploringgoose.com\/?page_id=404"},"modified":"2024-02-29T15:26:16","modified_gmt":"2024-02-29T15:26:16","slug":"allmanna-villkor-och-cookies","status":"publish","type":"page","link":"https:\/\/exploringgoose.com\/sv\/allmanna-villkor-och-cookies\/","title":{"rendered":"Allm\u00e4nna villkor och Cookies"},"content":{"rendered":"\n<h2 class=\"wp-block-heading\">Vilka vi \u00e4r<\/h2>\n\n\n\n<p>Exploring Goose &#8211; vi ger dig det b\u00e4sta inom underh\u00e5llning, restauranger och resor runt om i v\u00e4rlden.<\/p>\n\n\n\n<h2 class=\"wp-block-heading\">Kommentarer<\/h2>\n\n\n\n<p>N\u00e4r bes\u00f6kare l\u00e4mnar kommentarer p\u00e5 webbplatsen samlar vi in de uppgifter som visas i kommentarsformul\u00e4ret, samt bes\u00f6karens IP-adress och webbl\u00e4sarens anv\u00e4ndaragentstr\u00e4ng f\u00f6r att hj\u00e4lpa till med spamdetektering.<\/p>\n\n\n\n<h2 class=\"wp-block-heading\">Media<\/h2>\n\n\n\n<p>Om du laddar upp bilder till webbplatsen b\u00f6r du undvika att ladda upp bilder med inb\u00e4ddad platsdata (EXIF GPS) inkluderad. Bes\u00f6kare p\u00e5 webbplatsen kan ladda ner och extrahera eventuell platsdata fr\u00e5n bilder p\u00e5 webbplatsen.<\/p>\n\n\n\n<h2 class=\"wp-block-heading\">Cookies<\/h2>\n\n\n\n<p>Om du l\u00e4mnar en kommentar p\u00e5 v\u00e5r webbplats kan du v\u00e4lja att spara ditt namn, din e-postadress och din webbplats i cookies. Detta \u00e4r f\u00f6r din bekv\u00e4mlighet s\u00e5 att du inte beh\u00f6ver fylla i dina uppgifter igen n\u00e4r du l\u00e4mnar en annan kommentar. Dessa cookies varar i ett \u00e5r.<\/p>\n\n\n\n<h2 class=\"wp-block-heading\">Hur l\u00e4nge vi beh\u00e5ller dina uppgifter<\/h2>\n\n\n\n<p>Om du l\u00e4mnar en kommentar beh\u00e5lls kommentaren och dess metadata p\u00e5 obest\u00e4md tid. Detta \u00e4r s\u00e5 att vi kan k\u00e4nna igen och godk\u00e4nna eventuella uppf\u00f6ljningskommentarer automatiskt ist\u00e4llet f\u00f6r att h\u00e5lla dem i en modereringsk\u00f6.<\/p>\n\n\n\n<h2 class=\"wp-block-heading\">Vilka r\u00e4ttigheter du har \u00f6ver dina uppgifter<\/h2>\n\n\n\n<p>Om du har ett konto p\u00e5 denna webbplats, eller har l\u00e4mnat kommentarer, kan du beg\u00e4ra att f\u00e5 en exporterad fil med de personuppgifter vi har om dig, inklusive alla uppgifter du har l\u00e4mnat till oss. Du kan ocks\u00e5 beg\u00e4ra att vi raderar alla personuppgifter vi har om dig. Detta inkluderar inte n\u00e5gra uppgifter som vi \u00e4r skyldiga att beh\u00e5lla av administrativa, juridiska eller s\u00e4kerhets\u00e4ndam\u00e5l.<\/p>\n\n\n\n<h2 class=\"wp-block-heading\">Vart dina uppgifter skickas<\/h2>\n\n\n\n<p>Bes\u00f6kares kommentarer kan kontrolleras via en automatisk tj\u00e4nst f\u00f6r spamdetektering.<\/p>\n","protected":false},"excerpt":{"rendered":"<p>Vilka vi \u00e4r Exploring Goose &#8211; vi ger dig det b\u00e4sta inom underh\u00e5llning, restauranger och resor runt om i v\u00e4rlden. Kommentarer N\u00e4r bes\u00f6kare l\u00e4mnar kommentarer p\u00e5 webbplatsen samlar vi in de uppgifter som visas i kommentarsformul\u00e4ret, samt bes\u00f6karens IP-adress och webbl\u00e4sarens anv\u00e4ndaragentstr\u00e4ng f\u00f6r att hj\u00e4lpa till med spamdetektering. Media Om du laddar upp bilder till [&hellip;]<\/p>\n","protected":false},"author":1,"featured_media":0,"parent":0,"menu_order":0,"comment_status":"closed","ping_status":"closed","template":"","meta":{"_lmt_disableupdate":"","_lmt_disable":"","footnotes":""},"class_list":["post-404","page","type-page","status-publish","hentry"],"_links":{"self":[{"href":"https:\/\/exploringgoose.com\/sv\/wp-json\/wp\/v2\/pages\/404","targetHints":{"allow":["GET"]}}],"collection":[{"href":"https:\/\/exploringgoose.com\/sv\/wp-json\/wp\/v2\/pages"}],"about":[{"href":"https:\/\/exploringgoose.com\/sv\/wp-json\/wp\/v2\/types\/page"}],"author":[{"embeddable":true,"href":"https:\/\/exploringgoose.com\/sv\/wp-json\/wp\/v2\/users\/1"}],"replies":[{"embeddable":true,"href":"https:\/\/exploringgoose.com\/sv\/wp-json\/wp\/v2\/comments?post=404"}],"version-history":[{"count":1,"href":"https:\/\/exploringgoose.com\/sv\/wp-json\/wp\/v2\/pages\/404\/revisions"}],"predecessor-version":[{"id":405,"href":"https:\/\/exploringgoose.com\/sv\/wp-json\/wp\/v2\/pages\/404\/revisions\/405"}],"wp:attachment":[{"href":"https:\/\/exploringgoose.com\/sv\/wp-json\/wp\/v2\/media?parent=404"}],"curies":[{"name":"wp","href":"https:\/\/api.w.org\/{rel}","templated":true}]}}